{"id":6540,"date":"2021-09-30T15:13:32","date_gmt":"2021-09-30T13:13:32","guid":{"rendered":"https:\/\/simpledreamprojects.com\/?page_id=6540"},"modified":"2022-04-08T11:52:35","modified_gmt":"2022-04-08T09:52:35","slug":"uslugi","status":"publish","type":"page","link":"https:\/\/simpledreamprojects.com\/index.php\/pl\/uslugi\/","title":{"rendered":"Us\u0142ugi"},"content":{"rendered":"\t\t<div data-elementor-type=\"wp-page\" data-elementor-id=\"6540\" class=\"elementor elementor-6540\" data-elementor-post-type=\"page\">\n\t\t\t\t\t\t<section class=\"elementor-section elementor-top-section elementor-element elementor-element-c67f343 elementor-section-boxed elementor-section-height-default elementor-section-height-default qodef-elementor-content-no\" data-id=\"c67f343\" data-element_type=\"section\" data-e-type=\"section\">\n\t\t\t\t\t\t<div class=\"elementor-container elementor-column-gap-default\">\n\t\t\t\t\t<div class=\"elementor-column elementor-col-100 elementor-top-column elementor-element elementor-element-b9777e6\" data-id=\"b9777e6\" data-element_type=\"column\" data-e-type=\"column\">\n\t\t\t<div class=\"elementor-widget-wrap elementor-element-populated\">\n\t\t\t\t\t\t<div class=\"elementor-element elementor-element-b8fea78 elementor--h-position-center elementor--v-position-middle elementor-arrows-position-inside elementor-pagination-position-inside elementor-widget elementor-widget-slides\" data-id=\"b8fea78\" data-element_type=\"widget\" data-e-type=\"widget\" data-settings=\"{&quot;navigation&quot;:&quot;both&quot;,&quot;autoplay&quot;:&quot;yes&quot;,&quot;pause_on_hover&quot;:&quot;yes&quot;,&quot;pause_on_interaction&quot;:&quot;yes&quot;,&quot;autoplay_speed&quot;:5000,&quot;infinite&quot;:&quot;yes&quot;,&quot;transition&quot;:&quot;slide&quot;,&quot;transition_speed&quot;:500}\" data-widget_type=\"slides.default\">\n\t\t\t\t<div class=\"elementor-widget-container\">\n\t\t\t\t\t\t\t<div class=\"elementor-swiper\">\n\t\t\t<div class=\"elementor-slides-wrapper elementor-main-swiper swiper-container\" dir=\"ltr\" data-animation=\"fadeInUp\">\n\t\t\t\t<div class=\"swiper-wrapper elementor-slides\">\n\t\t\t\t\t\t\t\t\t\t<div class=\"elementor-repeater-item-57f966a swiper-slide\"><div class=\"swiper-slide-bg\" role=\"img\"><\/div><div class=\"swiper-slide-inner\" ><div class=\"swiper-slide-contents\"><div class=\"elementor-slide-heading\">Us\u0142ugi<\/div><\/div><\/div><\/div>\t\t\t\t<\/div>\n\t\t\t\t\t\t\t<\/div>\n\t\t<\/div>\n\t\t\t\t\t\t<\/div>\n\t\t\t\t<\/div>\n\t\t\t\t\t<\/div>\n\t\t<\/div>\n\t\t\t\t\t<\/div>\n\t\t<\/section>\n\t\t\t\t<section class=\"elementor-section elementor-top-section elementor-element elementor-element-bfa1754 elementor-section-full_width qodef-elementor-content-grid elementor-section-height-default elementor-section-height-default\" data-id=\"bfa1754\" data-element_type=\"section\" data-e-type=\"section\">\n\t\t\t\t\t\t<div class=\"elementor-container elementor-column-gap-default\">\n\t\t\t\t\t<div class=\"elementor-column elementor-col-33 elementor-top-column elementor-element elementor-element-249c7ae9\" data-id=\"249c7ae9\" data-element_type=\"column\" data-e-type=\"column\">\n\t\t\t<div class=\"elementor-widget-wrap elementor-element-populated\">\n\t\t\t\t\t\t<div class=\"elementor-element elementor-element-204710c9 elementor-widget elementor-widget-lekker_core_section_title\" data-id=\"204710c9\" data-element_type=\"widget\" data-e-type=\"widget\" data-widget_type=\"lekker_core_section_title.default\">\n\t\t\t\t<div class=\"elementor-widget-container\">\n\t\t\t\t\t<div class=\"qodef-shortcode qodef-m  qodef-section-title qodef-alignment--left  qodef-section-title--animated\">\n\t\t<h4 class=\"qodef-m-title\" >\n\t\t\t\t\tProjektowanie \t\t\t<\/h4>\n\t\t<p class=\"qodef-m-text\" style=\"margin-top: 17px\">Na poziomie projektu otrzymasz: kreatywn\u0105 prezentacj\u0119, sk\u0142ad\/ DTP, nanoszenie poprawek oraz pliki produkcyjne.<\/p>\n<\/div>\t\t\t\t<\/div>\n\t\t\t\t<\/div>\n\t\t\t\t<div class=\"elementor-element elementor-element-7960d9b elementor-widget elementor-widget-lekker_core_button\" data-id=\"7960d9b\" data-element_type=\"widget\" data-e-type=\"widget\" data-widget_type=\"lekker_core_button.default\">\n\t\t\t\t<div class=\"elementor-widget-container\">\n\t\t\t\t\t<a class=\"qodef-shortcode qodef-m  qodef-button qodef-layout--textual  qodef-html--link\" href=\"https:\/\/simpledreamprojects.com\/index.php\/portfolio-item\/projekt\/\" target=\"_self\"  >\n\t<span class=\"qodef-m-text\">Wi\u0119cej<\/span>\n\t<span class=\"qodef-m-lines\"><\/span>\n<\/a>\t\t\t\t<\/div>\n\t\t\t\t<\/div>\n\t\t\t\t\t<\/div>\n\t\t<\/div>\n\t\t\t\t<div class=\"elementor-column elementor-col-33 elementor-top-column elementor-element elementor-element-72e762e2\" data-id=\"72e762e2\" data-element_type=\"column\" data-e-type=\"column\">\n\t\t\t<div class=\"elementor-widget-wrap elementor-element-populated\">\n\t\t\t\t\t\t<div class=\"elementor-element elementor-element-5e1ad300 elementor-widget elementor-widget-lekker_core_section_title\" data-id=\"5e1ad300\" data-element_type=\"widget\" data-e-type=\"widget\" data-widget_type=\"lekker_core_section_title.default\">\n\t\t\t\t<div class=\"elementor-widget-container\">\n\t\t\t\t\t<div class=\"qodef-shortcode qodef-m  qodef-section-title qodef-alignment--left  qodef-section-title--animated\">\n\t\t<h4 class=\"qodef-m-title\" >\n\t\t\t\t\tProdukowanie \t\t\t<\/h4>\n\t\t<p class=\"qodef-m-text\" style=\"margin-top: 17px\">Na poziomie produkcji otrzymasz: pomys\u0142y produktowe, specyfikacj\u0119 techniczn\u0105, wyceny oraz technologiczne rozwi\u0105zania.<\/p>\n<\/div>\t\t\t\t<\/div>\n\t\t\t\t<\/div>\n\t\t\t\t<div class=\"elementor-element elementor-element-451164a8 elementor-widget elementor-widget-lekker_core_button\" data-id=\"451164a8\" data-element_type=\"widget\" data-e-type=\"widget\" data-widget_type=\"lekker_core_button.default\">\n\t\t\t\t<div class=\"elementor-widget-container\">\n\t\t\t\t\t<a class=\"qodef-shortcode qodef-m  qodef-button qodef-layout--textual  qodef-html--link\" href=\"https:\/\/simpledreamprojects.com\/index.php\/portfolio-item\/material\/\" target=\"_self\"  >\n\t<span class=\"qodef-m-text\">Wi\u0119cej<\/span>\n\t<span class=\"qodef-m-lines\"><\/span>\n<\/a>\t\t\t\t<\/div>\n\t\t\t\t<\/div>\n\t\t\t\t\t<\/div>\n\t\t<\/div>\n\t\t\t\t<div class=\"elementor-column elementor-col-33 elementor-top-column elementor-element elementor-element-4f7b65d\" data-id=\"4f7b65d\" data-element_type=\"column\" data-e-type=\"column\">\n\t\t\t<div class=\"elementor-widget-wrap elementor-element-populated\">\n\t\t\t\t\t\t<div class=\"elementor-element elementor-element-777e757b elementor-widget elementor-widget-lekker_core_section_title\" data-id=\"777e757b\" data-element_type=\"widget\" data-e-type=\"widget\" data-widget_type=\"lekker_core_section_title.default\">\n\t\t\t\t<div class=\"elementor-widget-container\">\n\t\t\t\t\t<div class=\"qodef-shortcode qodef-m  qodef-section-title qodef-alignment--left  qodef-section-title--animated\">\n\t\t<h4 class=\"qodef-m-title\" >\n\t\t\t\t\tKoordynowanie\t\t\t<\/h4>\n\t\t<p class=\"qodef-m-text\" style=\"margin-top: 17px\">Na poziomie koordynacji procesu otrzymasz: wsparcie specjalist\u00f3w, kt\u00f3rzy wezm\u0105 odpowiedzialno\u015b\u0107 za ca\u0142y proces. <\/p>\n<\/div>\t\t\t\t<\/div>\n\t\t\t\t<\/div>\n\t\t\t\t<div class=\"elementor-element elementor-element-5a7da45c elementor-widget elementor-widget-lekker_core_button\" data-id=\"5a7da45c\" data-element_type=\"widget\" data-e-type=\"widget\" data-widget_type=\"lekker_core_button.default\">\n\t\t\t\t<div class=\"elementor-widget-container\">\n\t\t\t\t\t<a class=\"qodef-shortcode qodef-m  qodef-button qodef-layout--textual  qodef-html--link\" href=\"https:\/\/simpledreamprojects.com\/index.php\/our-process\/\" target=\"_self\"  >\n\t<span class=\"qodef-m-text\">Wi\u0119cej<\/span>\n\t<span class=\"qodef-m-lines\"><\/span>\n<\/a>\t\t\t\t<\/div>\n\t\t\t\t<\/div>\n\t\t\t\t\t<\/div>\n\t\t<\/div>\n\t\t\t\t\t<\/div>\n\t\t<\/section>\n\t\t\t\t<section style=\"min-height: 260px\" class=\"elementor-section elementor-top-section elementor-element elementor-element-0187edf elementor-section-full_width elementor-section-height-default elementor-section-height-default qodef-elementor-content-no\" data-id=\"0187edf\" data-element_type=\"section\" data-e-type=\"section\">\n\t\t\t\t\t\t<div class=\"elementor-container elementor-column-gap-default\">\n\t\t\t\t\t<div class=\"elementor-column elementor-col-100 elementor-top-column elementor-element elementor-element-7d1231b\" data-id=\"7d1231b\" data-element_type=\"column\" data-e-type=\"column\">\n\t\t\t<div class=\"elementor-widget-wrap elementor-element-populated\">\n\t\t\t\t\t\t<div class=\"elementor-element elementor-element-09332a3 elementor-widget elementor-widget-spacer\" data-id=\"09332a3\" data-element_type=\"widget\" data-e-type=\"widget\" data-widget_type=\"spacer.default\">\n\t\t\t\t<div class=\"elementor-widget-container\">\n\t\t\t\t\t\t\t<div class=\"elementor-spacer\">\n\t\t\t<div class=\"elementor-spacer-inner\"><\/div>\n\t\t<\/div>\n\t\t\t\t\t\t<\/div>\n\t\t\t\t<\/div>\n\t\t\t\t<div class=\"elementor-element elementor-element-ab991d4 elementor-widget elementor-widget-heading\" data-id=\"ab991d4\" data-element_type=\"widget\" data-e-type=\"widget\" data-widget_type=\"heading.default\">\n\t\t\t\t<div class=\"elementor-widget-container\">\n\t\t\t\t\t<h2 class=\"elementor-heading-title elementor-size-default\"><a href=\"https:\/\/simpledreamprojects.com\/index.php\/portfolio-item\/brand-book\/\">Chcesz zobaczy\u0107 nasze projekty?<\/a><\/h2>\t\t\t\t<\/div>\n\t\t\t\t<\/div>\n\t\t\t\t<div class=\"elementor-element elementor-element-bbc0a2a elementor-widget__width-auto elementor-widget elementor-widget-lekker_core_button\" data-id=\"bbc0a2a\" data-element_type=\"widget\" data-e-type=\"widget\" data-widget_type=\"lekker_core_button.default\">\n\t\t\t\t<div class=\"elementor-widget-container\">\n\t\t\t\t\t<a class=\"qodef-shortcode qodef-m  qodef-button qodef-layout--filled  qodef-html--link\" href=\"https:\/\/simpledreamprojects.com\/index.php\/portfolio-item\/brand-book\/\" target=\"_self\"  style=\"color: #000000;background-color: #FFFFFF\">\n\t<span class=\"qodef-m-text\">Wi\u0119cej<\/span>\n<\/a>\t\t\t\t<\/div>\n\t\t\t\t<\/div>\n\t\t\t\t<div class=\"elementor-element elementor-element-edad0ce elementor-widget elementor-widget-spacer\" data-id=\"edad0ce\" data-element_type=\"widget\" data-e-type=\"widget\" data-widget_type=\"spacer.default\">\n\t\t\t\t<div class=\"elementor-widget-container\">\n\t\t\t\t\t\t\t<div class=\"elementor-spacer\">\n\t\t\t<div class=\"elementor-spacer-inner\"><\/div>\n\t\t<\/div>\n\t\t\t\t\t\t<\/div>\n\t\t\t\t<\/div>\n\t\t\t\t\t<\/div>\n\t\t<\/div>\n\t\t\t\t\t<\/div>\n\t\t<\/section>\n\t\t\t\t<section class=\"elementor-section elementor-top-section elementor-element elementor-element-1cdb0ebc elementor-section-full_width qodef-elementor-content-grid elementor-section-height-default elementor-section-height-default\" data-id=\"1cdb0ebc\" data-element_type=\"section\" data-e-type=\"section\" data-settings=\"{&quot;background_background&quot;:&quot;classic&quot;}\">\n\t\t\t\t\t\t<div class=\"elementor-container elementor-column-gap-default\">\n\t\t\t\t\t<div class=\"elementor-column elementor-col-50 elementor-top-column elementor-element elementor-element-4896328b\" data-id=\"4896328b\" data-element_type=\"column\" data-e-type=\"column\">\n\t\t\t<div class=\"elementor-widget-wrap elementor-element-populated\">\n\t\t\t\t\t\t<div class=\"elementor-element elementor-element-5163298b elementor-widget elementor-widget-lekker_core_section_title\" data-id=\"5163298b\" data-element_type=\"widget\" data-e-type=\"widget\" data-widget_type=\"lekker_core_section_title.default\">\n\t\t\t\t<div class=\"elementor-widget-container\">\n\t\t\t\t\t<div class=\"qodef-shortcode qodef-m  qodef-section-title qodef-alignment--left  qodef-section-title--animated\">\n\t\t<h2 class=\"qodef-m-title\" >\n\t\t\t\t\tProjekty dla kreatywnych<br \/> marek\t\t\t<\/h2>\n\t\t<p class=\"qodef-m-text\" style=\"margin-top: 24px\">Z wykorzystaniem kreacji wizualnej Tworzymy projekty bazuj\u0105ce na Art Brandingu, tak aby ka\u017cdy m\u00f3g\u0142 zosta\u0107 Mecenasem Sztuki.<\/p>\n<\/div>\t\t\t\t<\/div>\n\t\t\t\t<\/div>\n\t\t\t\t<div class=\"elementor-element elementor-element-ca2b123 elementor-widget elementor-widget-lekker_core_button\" data-id=\"ca2b123\" data-element_type=\"widget\" data-e-type=\"widget\" data-widget_type=\"lekker_core_button.default\">\n\t\t\t\t<div class=\"elementor-widget-container\">\n\t\t\t\t\t<a class=\"qodef-shortcode qodef-m  qodef-button qodef-layout--textual  qodef-html--link\" href=\"https:\/\/simpledreamprojects.com\/index.php\/our-process\/\" target=\"_self\"  >\n\t<span class=\"qodef-m-text\">Wi\u0119cej<\/span>\n\t<span class=\"qodef-m-lines\"><\/span>\n<\/a>\t\t\t\t<\/div>\n\t\t\t\t<\/div>\n\t\t\t\t\t<\/div>\n\t\t<\/div>\n\t\t\t\t<div class=\"elementor-column elementor-col-50 elementor-top-column elementor-element elementor-element-5910c19d\" data-id=\"5910c19d\" data-element_type=\"column\" data-e-type=\"column\">\n\t\t\t<div class=\"elementor-widget-wrap elementor-element-populated\">\n\t\t\t\t\t\t<div class=\"elementor-element elementor-element-74019e88 elementor-widget elementor-widget-lekker_core_progress_bar\" data-id=\"74019e88\" data-element_type=\"widget\" data-e-type=\"widget\" data-widget_type=\"lekker_core_progress_bar.default\">\n\t\t\t\t<div class=\"elementor-widget-container\">\n\t\t\t\t\t<div class=\"qodef-shortcode qodef-m  qodef-progress-bar qodef-layout--line\" data-layout=\"line\" data-active-line-color=\"#000\" data-active-line-width=\"4\" data-inactive-line-color=\"#e1e1e1\" data-inactive-line-width=\"4\" data-text-color=\"#000\" data-number=\"99\" data-rand-number=\"867\" >\n\t<div class=\"qodef-m-inner\">\n\t\t\t\t\t<h5 class=\"qodef-m-title\" >\n\t\t\t\tProjektowanie\t\t\t<\/h5>\n\t\t\t\t<div class=\"qodef-m-canvas\" id=\"qodef-m-canvas-867\"><\/div>\n\t\t\t<\/div>\n<\/div>\t\t\t\t<\/div>\n\t\t\t\t<\/div>\n\t\t\t\t<div class=\"elementor-element elementor-element-11924a82 elementor-widget elementor-widget-lekker_core_progress_bar\" data-id=\"11924a82\" data-element_type=\"widget\" data-e-type=\"widget\" data-widget_type=\"lekker_core_progress_bar.default\">\n\t\t\t\t<div class=\"elementor-widget-container\">\n\t\t\t\t\t<div class=\"qodef-shortcode qodef-m  qodef-progress-bar qodef-layout--line\" data-layout=\"line\" data-active-line-color=\"#000\" data-active-line-width=\"4\" data-inactive-line-color=\"#e1e1e1\" data-inactive-line-width=\"4\" data-text-color=\"#000\" data-number=\"65\" data-rand-number=\"735\" >\n\t<div class=\"qodef-m-inner\">\n\t\t\t\t\t<h5 class=\"qodef-m-title\" >\n\t\t\t\tMarketing\t\t\t<\/h5>\n\t\t\t\t<div class=\"qodef-m-canvas\" id=\"qodef-m-canvas-735\"><\/div>\n\t\t\t<\/div>\n<\/div>\t\t\t\t<\/div>\n\t\t\t\t<\/div>\n\t\t\t\t<div class=\"elementor-element elementor-element-65950e9a elementor-widget elementor-widget-lekker_core_progress_bar\" data-id=\"65950e9a\" data-element_type=\"widget\" data-e-type=\"widget\" data-widget_type=\"lekker_core_progress_bar.default\">\n\t\t\t\t<div class=\"elementor-widget-container\">\n\t\t\t\t\t<div class=\"qodef-shortcode qodef-m  qodef-progress-bar qodef-layout--line\" data-layout=\"line\" data-active-line-color=\"#000\" data-active-line-width=\"4\" data-inactive-line-color=\"#e1e1e1\" data-inactive-line-width=\"4\" data-text-color=\"#000\" data-number=\"100\" data-rand-number=\"586\" >\n\t<div class=\"qodef-m-inner\">\n\t\t\t\t\t<h5 class=\"qodef-m-title\" >\n\t\t\t\tProdukcja\t\t\t<\/h5>\n\t\t\t\t<div class=\"qodef-m-canvas\" id=\"qodef-m-canvas-586\"><\/div>\n\t\t\t<\/div>\n<\/div>\t\t\t\t<\/div>\n\t\t\t\t<\/div>\n\t\t\t\t<div class=\"elementor-element elementor-element-2815b8ba elementor-widget elementor-widget-lekker_core_progress_bar\" data-id=\"2815b8ba\" data-element_type=\"widget\" data-e-type=\"widget\" data-widget_type=\"lekker_core_progress_bar.default\">\n\t\t\t\t<div class=\"elementor-widget-container\">\n\t\t\t\t\t<div class=\"qodef-shortcode qodef-m  qodef-progress-bar qodef-layout--line\" data-layout=\"line\" data-active-line-color=\"#000\" data-active-line-width=\"4\" data-inactive-line-color=\"#e1e1e1\" data-inactive-line-width=\"4\" data-text-color=\"#000\" data-number=\"85\" data-rand-number=\"535\" >\n\t<div class=\"qodef-m-inner\">\n\t\t\t\t\t<h5 class=\"qodef-m-title\" >\n\t\t\t\tDTP\t\t\t<\/h5>\n\t\t\t\t<div class=\"qodef-m-canvas\" id=\"qodef-m-canvas-535\"><\/div>\n\t\t\t<\/div>\n<\/div>\t\t\t\t<\/div>\n\t\t\t\t<\/div>\n\t\t\t\t\t<\/div>\n\t\t<\/div>\n\t\t\t\t\t<\/div>\n\t\t<\/section>\n\t\t\t\t<section class=\"elementor-section elementor-top-section elementor-element elementor-element-862fdaf qodef-elementor-content-grid elementor-section-boxed elementor-section-height-default elementor-section-height-default\" data-id=\"862fdaf\" data-element_type=\"section\" data-e-type=\"section\" data-settings=\"{&quot;background_background&quot;:&quot;classic&quot;}\">\n\t\t\t\t\t\t<div class=\"elementor-container elementor-column-gap-default\">\n\t\t\t\t\t<div class=\"elementor-column elementor-col-50 elementor-top-column elementor-element elementor-element-45712dc\" data-id=\"45712dc\" data-element_type=\"column\" data-e-type=\"column\">\n\t\t\t<div class=\"elementor-widget-wrap elementor-element-populated\">\n\t\t\t\t\t\t<div class=\"elementor-element elementor-element-33bf559 elementor-widget elementor-widget-text-editor\" data-id=\"33bf559\" data-element_type=\"widget\" data-e-type=\"widget\" data-widget_type=\"text-editor.default\">\n\t\t\t\t<div class=\"elementor-widget-container\">\n\t\t\t\t\t\t\t\t\t<h4 style=\"text-align: center;\"><span style=\"line-height: 38px;\">Przyci\u015bnij guzik, aby przej\u015b\u0107 do formularza kontaktowego<br \/><\/span><\/h4>\t\t\t\t\t\t\t\t<\/div>\n\t\t\t\t<\/div>\n\t\t\t\t\t<\/div>\n\t\t<\/div>\n\t\t\t\t<div class=\"elementor-column elementor-col-50 elementor-top-column elementor-element elementor-element-c027495\" data-id=\"c027495\" data-element_type=\"column\" data-e-type=\"column\">\n\t\t\t<div class=\"elementor-widget-wrap elementor-element-populated\">\n\t\t\t\t\t\t<div class=\"elementor-element elementor-element-2ade578 elementor-widget__width-auto elementor-widget elementor-widget-lekker_core_button\" data-id=\"2ade578\" data-element_type=\"widget\" data-e-type=\"widget\" data-widget_type=\"lekker_core_button.default\">\n\t\t\t\t<div class=\"elementor-widget-container\">\n\t\t\t\t\t<a class=\"qodef-shortcode qodef-m  qodef-button qodef-layout--filled  qodef-html--link\" href=\"https:\/\/simpledreamprojects.com\/index.php\/contact-us\/\" target=\"_self\"  >\n\t<span class=\"qodef-m-text\">Wi\u0119cej<\/span>\n<\/a>\t\t\t\t<\/div>\n\t\t\t\t<\/div>\n\t\t\t\t\t<\/div>\n\t\t<\/div>\n\t\t\t\t\t<\/div>\n\t\t<\/section>\n\t\t\t\t<\/div>\n\t\t","protected":false},"excerpt":{"rendered":"<p>Us\u0142ugi Projektowanie Na poziomie projektu otrzymasz: kreatywn\u0105 prezentacj\u0119, sk\u0142ad\/ DTP, nanoszenie poprawek oraz pliki produkcyjne. Wi\u0119cej Produkowanie Na poziomie produkcji otrzymasz: pomys\u0142y produktowe, specyfikacj\u0119 techniczn\u0105, wyceny oraz technologiczne rozwi\u0105zania. Wi\u0119cej Koordynowanie Na poziomie koordynacji procesu otrzymasz: wsparcie specjalist\u00f3w, kt\u00f3rzy wezm\u0105 odpowiedzialno\u015b\u0107 za ca\u0142y proces. Wi\u0119cej Chcesz zobaczy\u0107 nasze projekty? Wi\u0119cej Projekty dla kreatywnych marek Z [&hellip;]<\/p>\n","protected":false},"author":1,"featured_media":0,"parent":0,"menu_order":0,"comment_status":"closed","ping_status":"closed","template":"page-full-width.php","meta":{"_monsterinsights_skip_tracking":false,"_monsterinsights_sitenote_active":false,"_monsterinsights_sitenote_note":"","_monsterinsights_sitenote_category":0,"footnotes":""},"class_list":["post-6540","page","type-page","status-publish","hentry"],"_links":{"self":[{"href":"https:\/\/simpledreamprojects.com\/index.php\/wp-json\/wp\/v2\/pages\/6540","targetHints":{"allow":["GET"]}}],"collection":[{"href":"https:\/\/simpledreamprojects.com\/index.php\/wp-json\/wp\/v2\/pages"}],"about":[{"href":"https:\/\/simpledreamprojects.com\/index.php\/wp-json\/wp\/v2\/types\/page"}],"author":[{"embeddable":true,"href":"https:\/\/simpledreamprojects.com\/index.php\/wp-json\/wp\/v2\/users\/1"}],"replies":[{"embeddable":true,"href":"https:\/\/simpledreamprojects.com\/index.php\/wp-json\/wp\/v2\/comments?post=6540"}],"version-history":[{"count":41,"href":"https:\/\/simpledreamprojects.com\/index.php\/wp-json\/wp\/v2\/pages\/6540\/revisions"}],"predecessor-version":[{"id":7458,"href":"https:\/\/simpledreamprojects.com\/index.php\/wp-json\/wp\/v2\/pages\/6540\/revisions\/7458"}],"wp:attachment":[{"href":"https:\/\/simpledreamprojects.com\/index.php\/wp-json\/wp\/v2\/media?parent=6540"}],"curies":[{"name":"wp","href":"https:\/\/api.w.org\/{rel}","templated":true}]}}