{"id":6534,"date":"2021-09-30T15:05:41","date_gmt":"2021-09-30T13:05:41","guid":{"rendered":"https:\/\/simpledreamprojects.com\/?page_id=6534"},"modified":"2022-04-08T12:04:55","modified_gmt":"2022-04-08T10:04:55","slug":"faq","status":"publish","type":"page","link":"https:\/\/simpledreamprojects.com\/index.php\/pl\/faq\/","title":{"rendered":"FAQ"},"content":{"rendered":"\t\t<div data-elementor-type=\"wp-page\" data-elementor-id=\"6534\" class=\"elementor elementor-6534\" data-elementor-post-type=\"page\">\n\t\t\t\t\t\t<section class=\"elementor-section elementor-top-section elementor-element elementor-element-764e3ca elementor-section-full_width qodef-elementor-content-grid elementor-section-height-default elementor-section-height-default\" data-id=\"764e3ca\" data-element_type=\"section\" data-e-type=\"section\">\n\t\t\t\t\t\t<div class=\"elementor-container elementor-column-gap-default\">\n\t\t\t\t\t<div class=\"elementor-column elementor-col-50 elementor-top-column elementor-element elementor-element-43ef2b2 qodef-sticky-column\" data-id=\"43ef2b2\" data-element_type=\"column\" data-e-type=\"column\">\n\t\t\t<div class=\"elementor-widget-wrap elementor-element-populated\">\n\t\t\t\t\t\t<div class=\"elementor-element elementor-element-9a89d0c elementor-widget elementor-widget-text-editor\" data-id=\"9a89d0c\" data-element_type=\"widget\" data-e-type=\"widget\" data-widget_type=\"text-editor.default\">\n\t\t\t\t<div class=\"elementor-widget-container\">\n\t\t\t\t\t\t\t\t\t<h3>Q&amp;A<\/h3>\t\t\t\t\t\t\t\t<\/div>\n\t\t\t\t<\/div>\n\t\t\t\t<div class=\"elementor-element elementor-element-e572d8c elementor-widget elementor-widget-text-editor\" data-id=\"e572d8c\" data-element_type=\"widget\" data-e-type=\"widget\" data-widget_type=\"text-editor.default\">\n\t\t\t\t<div class=\"elementor-widget-container\">\n\t\t\t\t\t\t\t\t\t<p>Poni\u017cej zebrali\u015bmy odpowiedzi na najbardziej nurtuj\u0105ce pytania: <\/p>\t\t\t\t\t\t\t\t<\/div>\n\t\t\t\t<\/div>\n\t\t\t\t<div class=\"elementor-element elementor-element-86dcc66 elementor-widget elementor-widget-sidebar\" data-id=\"86dcc66\" data-element_type=\"widget\" data-e-type=\"widget\" data-widget_type=\"sidebar.default\">\n\t\t\t\t<div class=\"elementor-widget-container\">\n\t\t\t\t\t<div class=\"widget widget_text\" data-area=\"faq-sidebar\">\t\t\t<div class=\"textwidget\"><p><a class=\"qodef-anchor\" style=\"line-height: 36px; font-size: 18px; letter-spacing: -.02em; font-weight: bold; color: #1f1f1f;\" href=\"#payment\">Payment of the orders<\/a><br \/>\n<a class=\"qodef-anchor\" style=\"line-height: 36px; font-size: 18px; letter-spacing: -.02em; font-weight: bold; color: #1f1f1f;\" href=\"#time\">Delivery time<\/a><br \/>\n<a class=\"qodef-anchor\" style=\"line-height: 36px; font-size: 18px; letter-spacing: -.02em; font-weight: bold; color: #1f1f1f;\" href=\"#poland\">Made in Poland<\/a><br \/>\n<a class=\"qodef-anchor\" style=\"line-height: 36px; font-size: 18px; letter-spacing: -.02em; font-weight: bold; color: #1f1f1f;\" href=\"#settlement\">Settlement<\/a><br \/>\n<a class=\"qodef-anchor\" style=\"line-height: 36px; font-size: 18px; letter-spacing: -.02em; font-weight: bold; color: #1f1f1f;\" href=\"#copyrights\">Copyrights<\/a><br \/>\n<a class=\"qodef-anchor\" style=\"line-height: 36px; font-size: 18px; letter-spacing: -.02em; font-weight: bold; color: #1f1f1f;\" href=\"#confidientality\">Confidientality<\/a><\/p>\n<\/div>\n\t\t<\/div><div class=\"widget widget_search\" data-area=\"faq-sidebar\"><form apbct-form-sign=\"native_search\" role=\"search\" method=\"get\" class=\"qodef-search-form\" action=\"https:\/\/simpledreamprojects.com\/\">\n\t<label for=\"qodef-search-form-69e74ea9c468a\" class=\"screen-reader-text\">Search for:<\/label>\n\t<div class=\"qodef-search-form-inner clear\">\n\t\t<input type=\"search\" id=\"qodef-search-form-69e74ea9c468a\" class=\"qodef-search-form-field\" value=\"\" name=\"s\" placeholder=\"Search...\" \/>\n\t\t<button type=\"submit\" class=\"qodef-search-form-button\"><span class=\"qodef-icon-elegant-icons icon_search\" ><\/span><\/button>\n\t<\/div>\n<input\n                    class=\"apbct_special_field apbct_email_id__search_form\"\n                    name=\"apbct__email_id__search_form\"\n                    aria-label=\"apbct__label_id__search_form\"\n                    type=\"text\" size=\"30\" maxlength=\"200\" autocomplete=\"off\"\n                    value=\"\"\n                \/><input\n                   id=\"apbct_submit_id__search_form\" \n                   class=\"apbct_special_field apbct__email_id__search_form\"\n                   name=\"apbct__label_id__search_form\"\n                   aria-label=\"apbct_submit_name__search_form\"\n                   type=\"submit\"\n                   size=\"30\"\n                   maxlength=\"200\"\n                   value=\"85778\"\n               \/><\/form><\/div>\t\t\t\t<\/div>\n\t\t\t\t<\/div>\n\t\t\t\t\t<\/div>\n\t\t<\/div>\n\t\t\t\t<div class=\"elementor-column elementor-col-50 elementor-top-column elementor-element elementor-element-f181158\" data-id=\"f181158\" data-element_type=\"column\" data-e-type=\"column\">\n\t\t\t<div class=\"elementor-widget-wrap elementor-element-populated\">\n\t\t\t\t\t\t<div class=\"elementor-element elementor-element-8abce95 elementor-widget elementor-widget-text-editor\" data-id=\"8abce95\" data-element_type=\"widget\" data-e-type=\"widget\" id=\"payment\" data-widget_type=\"text-editor.default\">\n\t\t\t\t<div class=\"elementor-widget-container\">\n\t\t\t\t\t\t\t\t\t<h4>1. P\u0142atno\u015b\u0107 zam\u00f3wienia<\/h4>\t\t\t\t\t\t\t\t<\/div>\n\t\t\t\t<\/div>\n\t\t\t\t<div class=\"elementor-element elementor-element-26f4f7b elementor-widget elementor-widget-text-editor\" data-id=\"26f4f7b\" data-element_type=\"widget\" data-e-type=\"widget\" data-widget_type=\"text-editor.default\">\n\t\t\t\t<div class=\"elementor-widget-container\">\n\t\t\t\t\t\t\t\t\t<p style=\"line-height: 20.25pt; background: #E2E2E2; vertical-align: baseline; margin: 7.5pt 0cm 7.5pt 0cm;\"><span style=\"font-family: Poppins; color: #333333;\">Przy ka\u017cdym zam\u00f3wieniu pobieramy przedp\u0142at\u0119. Jej wysoko\u015b\u0107 wyliczana jest indywidualnie do ka\u017cdego projektu. W zale\u017cno\u015bci od charakteru instytucji, istnieje szansa na podpisanie umowy z klauzul\u0105 p\u0142atno\u015bci po dostawie.<\/span><\/p>\t\t\t\t\t\t\t\t<\/div>\n\t\t\t\t<\/div>\n\t\t\t\t<div class=\"elementor-element elementor-element-83cd948 elementor-widget elementor-widget-text-editor\" data-id=\"83cd948\" data-element_type=\"widget\" data-e-type=\"widget\" id=\"time\" data-widget_type=\"text-editor.default\">\n\t\t\t\t<div class=\"elementor-widget-container\">\n\t\t\t\t\t\t\t\t\t<h4>2. Czas realizacji<\/h4>\t\t\t\t\t\t\t\t<\/div>\n\t\t\t\t<\/div>\n\t\t\t\t<div class=\"elementor-element elementor-element-e0228fb elementor-widget elementor-widget-text-editor\" data-id=\"e0228fb\" data-element_type=\"widget\" data-e-type=\"widget\" data-widget_type=\"text-editor.default\">\n\t\t\t\t<div class=\"elementor-widget-container\">\n\t\t\t\t\t\t\t\t\t<p style=\"line-height: 20.25pt; background: #E2E2E2; vertical-align: baseline; margin: 7.5pt 0cm 7.5pt 0cm;\"><span style=\"font-family: Poppins; color: #333333;\">Ka\u017cdy z naszych produkt\u00f3w, ma w\u0142asny czas realizacji. Wynika to ze z\u0142o\u017cono\u015bci technologicznej jego produkcji oraz dost\u0119pno\u015bci p\u00f3\u0142-produkt\u00f3w, kt\u00f3re sk\u0142adaj\u0105 si\u0119 na jego ca\u0142o\u015b\u0107. Przy ka\u017cdej wycenie, otrzymasz od nas realny czas produkcji oraz dostarczenia zam\u00f3wienia.<\/span><\/p>\t\t\t\t\t\t\t\t<\/div>\n\t\t\t\t<\/div>\n\t\t\t\t<div class=\"elementor-element elementor-element-76065b4 elementor-widget elementor-widget-text-editor\" data-id=\"76065b4\" data-element_type=\"widget\" data-e-type=\"widget\" id=\"poland\" data-widget_type=\"text-editor.default\">\n\t\t\t\t<div class=\"elementor-widget-container\">\n\t\t\t\t\t\t\t\t\t<h4>3. Made in Poland<\/h4>\t\t\t\t\t\t\t\t<\/div>\n\t\t\t\t<\/div>\n\t\t\t\t<div class=\"elementor-element elementor-element-78ad21c elementor-widget elementor-widget-text-editor\" data-id=\"78ad21c\" data-element_type=\"widget\" data-e-type=\"widget\" data-widget_type=\"text-editor.default\">\n\t\t\t\t<div class=\"elementor-widget-container\">\n\t\t\t\t\t\t\t\t\t<p style=\"line-height: 20.25pt; background: #E2E2E2; vertical-align: baseline; margin: 7.5pt 0cm 7.5pt 0cm;\"><span style=\"font-family: Poppins; color: #333333;\">Tworzone przez nas produkty, s\u0105 wykonane w Polsce. Cenimy sobie polsk\u0105 technologi\u0119 produkcyjn\u0105 jak i r\u00f3wnie\u017c jako\u015b\u0107 r\u0119kodzie\u0142a. Chcemy kultywowa\u0107 tradycj\u0119 zdobnicz\u0105 oraz promowa\u0107 j\u0105 poza granice naszego kraju.<\/span><\/p>\t\t\t\t\t\t\t\t<\/div>\n\t\t\t\t<\/div>\n\t\t\t\t<div class=\"elementor-element elementor-element-6db112c elementor-widget elementor-widget-text-editor\" data-id=\"6db112c\" data-element_type=\"widget\" data-e-type=\"widget\" id=\"settlement\" data-widget_type=\"text-editor.default\">\n\t\t\t\t<div class=\"elementor-widget-container\">\n\t\t\t\t\t\t\t\t\t<h4>4. Rozliczenie<\/h4>\t\t\t\t\t\t\t\t<\/div>\n\t\t\t\t<\/div>\n\t\t\t\t<div class=\"elementor-element elementor-element-729b66b elementor-widget elementor-widget-text-editor\" data-id=\"729b66b\" data-element_type=\"widget\" data-e-type=\"widget\" data-widget_type=\"text-editor.default\">\n\t\t\t\t<div class=\"elementor-widget-container\">\n\t\t\t\t\t\t\t\t\t<p style=\"line-height: 20.25pt; background: #E2E2E2; vertical-align: baseline; margin: 7.5pt 0cm 7.5pt 0cm;\"><span style=\"font-family: Poppins; color: #333333;\">W zale\u017cno\u015bci od charakteru projektu, podpisujemy przygotowan\u0105 umow\u0119. Wystawiamy faktur\u0119 VAT.<\/span><\/p>\t\t\t\t\t\t\t\t<\/div>\n\t\t\t\t<\/div>\n\t\t\t\t<div class=\"elementor-element elementor-element-caa3b3a elementor-widget elementor-widget-text-editor\" data-id=\"caa3b3a\" data-element_type=\"widget\" data-e-type=\"widget\" id=\"copyrights\" data-widget_type=\"text-editor.default\">\n\t\t\t\t<div class=\"elementor-widget-container\">\n\t\t\t\t\t\t\t\t\t<h4>5. Prawa autorskie<\/h4>\t\t\t\t\t\t\t\t<\/div>\n\t\t\t\t<\/div>\n\t\t\t\t<div class=\"elementor-element elementor-element-1b4182e elementor-widget elementor-widget-text-editor\" data-id=\"1b4182e\" data-element_type=\"widget\" data-e-type=\"widget\" data-widget_type=\"text-editor.default\">\n\t\t\t\t<div class=\"elementor-widget-container\">\n\t\t\t\t\t\t\t\t\t<p style=\"line-height: 20.25pt; background: #E2E2E2; vertical-align: baseline; margin: 7.5pt 0cm 7.5pt 0cm;\"><span style=\"font-family: Poppins; color: #333333;\">Zam\u00f3wienia projektowe na potrzeby firm czy instytucji, wykonywane przez nasz zesp\u00f3\u0142 grafik\u00f3w s\u0105 realizowane z przekazaniem praw autorskich.<\/span><\/p>\t\t\t\t\t\t\t\t<\/div>\n\t\t\t\t<\/div>\n\t\t\t\t<div class=\"elementor-element elementor-element-53035ed elementor-widget elementor-widget-text-editor\" data-id=\"53035ed\" data-element_type=\"widget\" data-e-type=\"widget\" id=\"confidientality\" data-widget_type=\"text-editor.default\">\n\t\t\t\t<div class=\"elementor-widget-container\">\n\t\t\t\t\t\t\t\t\t<h4>6. Poufno\u015b\u0107<\/h4>\t\t\t\t\t\t\t\t<\/div>\n\t\t\t\t<\/div>\n\t\t\t\t<div class=\"elementor-element elementor-element-7dec590 elementor-widget elementor-widget-text-editor\" data-id=\"7dec590\" data-element_type=\"widget\" data-e-type=\"widget\" data-widget_type=\"text-editor.default\">\n\t\t\t\t<div class=\"elementor-widget-container\">\n\t\t\t\t\t\t\t\t\t<p style=\"line-height: 20.25pt; background: #E2E2E2; vertical-align: baseline; margin: 7.5pt 0cm 7.5pt 0cm;\"><span style=\"font-family: Poppins; color: #333333;\">Przestrzegamy ustawy dotycz\u0105cej tajemnicy handlowej, nie ujawniaj\u0105c informacji poufnych dotycz\u0105cych projekt\u00f3w tworzonych na poczet naszych klient\u00f3w.<\/span><\/p>\t\t\t\t\t\t\t\t<\/div>\n\t\t\t\t<\/div>\n\t\t\t\t\t<\/div>\n\t\t<\/div>\n\t\t\t\t\t<\/div>\n\t\t<\/section>\n\t\t\t\t<\/div>\n\t\t","protected":false},"excerpt":{"rendered":"<p>Q&amp;A Poni\u017cej zebrali\u015bmy odpowiedzi na najbardziej nurtuj\u0105ce pytania: 1. P\u0142atno\u015b\u0107 zam\u00f3wienia Przy ka\u017cdym zam\u00f3wieniu pobieramy przedp\u0142at\u0119. Jej wysoko\u015b\u0107 wyliczana jest indywidualnie do ka\u017cdego projektu. W zale\u017cno\u015bci od charakteru instytucji, istnieje szansa na podpisanie umowy z klauzul\u0105 p\u0142atno\u015bci po dostawie. 2. Czas realizacji Ka\u017cdy z naszych produkt\u00f3w, ma w\u0142asny czas realizacji. Wynika to ze z\u0142o\u017cono\u015bci technologicznej [&hellip;]<\/p>\n","protected":false},"author":1,"featured_media":0,"parent":0,"menu_order":0,"comment_status":"closed","ping_status":"closed","template":"page-full-width.php","meta":{"_monsterinsights_skip_tracking":false,"_monsterinsights_sitenote_active":false,"_monsterinsights_sitenote_note":"","_monsterinsights_sitenote_category":0,"footnotes":""},"class_list":["post-6534","page","type-page","status-publish","hentry"],"_links":{"self":[{"href":"https:\/\/simpledreamprojects.com\/index.php\/wp-json\/wp\/v2\/pages\/6534","targetHints":{"allow":["GET"]}}],"collection":[{"href":"https:\/\/simpledreamprojects.com\/index.php\/wp-json\/wp\/v2\/pages"}],"about":[{"href":"https:\/\/simpledreamprojects.com\/index.php\/wp-json\/wp\/v2\/types\/page"}],"author":[{"embeddable":true,"href":"https:\/\/simpledreamprojects.com\/index.php\/wp-json\/wp\/v2\/users\/1"}],"replies":[{"embeddable":true,"href":"https:\/\/simpledreamprojects.com\/index.php\/wp-json\/wp\/v2\/comments?post=6534"}],"version-history":[{"count":36,"href":"https:\/\/simpledreamprojects.com\/index.php\/wp-json\/wp\/v2\/pages\/6534\/revisions"}],"predecessor-version":[{"id":7469,"href":"https:\/\/simpledreamprojects.com\/index.php\/wp-json\/wp\/v2\/pages\/6534\/revisions\/7469"}],"wp:attachment":[{"href":"https:\/\/simpledreamprojects.com\/index.php\/wp-json\/wp\/v2\/media?parent=6534"}],"curies":[{"name":"wp","href":"https:\/\/api.w.org\/{rel}","templated":true}]}}