{"id":6532,"date":"2021-09-30T15:03:36","date_gmt":"2021-09-30T13:03:36","guid":{"rendered":"https:\/\/simpledreamprojects.com\/?page_id=6532"},"modified":"2022-04-08T11:53:51","modified_gmt":"2022-04-08T09:53:51","slug":"o-nas","status":"publish","type":"page","link":"https:\/\/simpledreamprojects.com\/index.php\/pl\/o-nas\/","title":{"rendered":"O nas"},"content":{"rendered":"\t\t<div data-elementor-type=\"wp-page\" data-elementor-id=\"6532\" class=\"elementor elementor-6532\" data-elementor-post-type=\"page\">\n\t\t\t\t\t\t<section class=\"elementor-section elementor-top-section elementor-element elementor-element-b6b945c elementor-section-boxed elementor-section-height-default elementor-section-height-default qodef-elementor-content-no\" data-id=\"b6b945c\" data-element_type=\"section\" data-e-type=\"section\">\n\t\t\t\t\t\t<div class=\"elementor-container elementor-column-gap-default\">\n\t\t\t\t\t<div class=\"elementor-column elementor-col-100 elementor-top-column elementor-element elementor-element-2423f95\" data-id=\"2423f95\" data-element_type=\"column\" data-e-type=\"column\">\n\t\t\t<div class=\"elementor-widget-wrap elementor-element-populated\">\n\t\t\t\t\t\t<div class=\"elementor-element elementor-element-2aead17 elementor--h-position-center elementor--v-position-middle elementor-arrows-position-inside elementor-pagination-position-inside elementor-widget elementor-widget-slides\" data-id=\"2aead17\" data-element_type=\"widget\" data-e-type=\"widget\" data-settings=\"{&quot;navigation&quot;:&quot;both&quot;,&quot;autoplay&quot;:&quot;yes&quot;,&quot;pause_on_hover&quot;:&quot;yes&quot;,&quot;pause_on_interaction&quot;:&quot;yes&quot;,&quot;autoplay_speed&quot;:5000,&quot;infinite&quot;:&quot;yes&quot;,&quot;transition&quot;:&quot;slide&quot;,&quot;transition_speed&quot;:500}\" data-widget_type=\"slides.default\">\n\t\t\t\t<div class=\"elementor-widget-container\">\n\t\t\t\t\t\t\t<div class=\"elementor-swiper\">\n\t\t\t<div class=\"elementor-slides-wrapper elementor-main-swiper swiper-container\" dir=\"ltr\" data-animation=\"fadeInUp\">\n\t\t\t\t<div class=\"swiper-wrapper elementor-slides\">\n\t\t\t\t\t\t\t\t\t\t<div class=\"elementor-repeater-item-80915f1 swiper-slide\"><div class=\"swiper-slide-bg\" role=\"img\"><\/div><div class=\"swiper-slide-inner\" ><div class=\"swiper-slide-contents\"><div class=\"elementor-slide-heading\">O nas<\/div><\/div><\/div><\/div>\t\t\t\t<\/div>\n\t\t\t\t\t\t\t<\/div>\n\t\t<\/div>\n\t\t\t\t\t\t<\/div>\n\t\t\t\t<\/div>\n\t\t\t\t\t<\/div>\n\t\t<\/div>\n\t\t\t\t\t<\/div>\n\t\t<\/section>\n\t\t\t\t<section class=\"elementor-section elementor-top-section elementor-element elementor-element-20b9a54 elementor-section-full_width qodef-elementor-content-grid elementor-section-content-top elementor-section-height-default elementor-section-height-default\" data-id=\"20b9a54\" data-element_type=\"section\" data-e-type=\"section\">\n\t\t\t\t\t\t<div class=\"elementor-container elementor-column-gap-default\">\n\t\t\t\t\t<div class=\"elementor-column elementor-col-33 elementor-top-column elementor-element elementor-element-569e814\" data-id=\"569e814\" data-element_type=\"column\" data-e-type=\"column\">\n\t\t\t<div class=\"elementor-widget-wrap elementor-element-populated\">\n\t\t\t\t\t\t<div class=\"elementor-element elementor-element-95dd3df elementor-widget elementor-widget-heading\" data-id=\"95dd3df\" data-element_type=\"widget\" data-e-type=\"widget\" data-widget_type=\"heading.default\">\n\t\t\t\t<div class=\"elementor-widget-container\">\n\t\t\t\t\t<h6 class=\"elementor-heading-title elementor-size-default\">Troch\u0119 informacji o nas <\/h6>\t\t\t\t<\/div>\n\t\t\t\t<\/div>\n\t\t\t\t<div class=\"elementor-element elementor-element-4adb19a elementor-widget elementor-widget-text-editor\" data-id=\"4adb19a\" data-element_type=\"widget\" data-e-type=\"widget\" data-widget_type=\"text-editor.default\">\n\t\t\t\t<div class=\"elementor-widget-container\">\n\t\t\t\t\t\t\t\t\t<h3><span style=\"line-height: 46px;\">Powstali\u015bmy z powodu prostego marzenia<br \/><\/span><\/h3>\t\t\t\t\t\t\t\t<\/div>\n\t\t\t\t<\/div>\n\t\t\t\t<div class=\"elementor-element elementor-element-4f8dfb0 elementor-widget elementor-widget-lekker_core_button\" data-id=\"4f8dfb0\" data-element_type=\"widget\" data-e-type=\"widget\" data-widget_type=\"lekker_core_button.default\">\n\t\t\t\t<div class=\"elementor-widget-container\">\n\t\t\t\t\t<a class=\"qodef-shortcode qodef-m  qodef-button qodef-layout--textual  qodef-html--link\" href=\"https:\/\/simpledreamprojects.com\/index.php\/our-services\/\" target=\"_self\"  >\n\t<span class=\"qodef-m-text\">Wi\u0119cej<\/span>\n\t<span class=\"qodef-m-lines\"><\/span>\n<\/a>\t\t\t\t<\/div>\n\t\t\t\t<\/div>\n\t\t\t\t\t<\/div>\n\t\t<\/div>\n\t\t\t\t<div class=\"elementor-column elementor-col-33 elementor-top-column elementor-element elementor-element-dbf1a95\" data-id=\"dbf1a95\" data-element_type=\"column\" data-e-type=\"column\">\n\t\t\t<div class=\"elementor-widget-wrap elementor-element-populated\">\n\t\t\t\t\t\t<div class=\"elementor-element elementor-element-68dd25e elementor-widget elementor-widget-text-editor\" data-id=\"68dd25e\" data-element_type=\"widget\" data-e-type=\"widget\" data-widget_type=\"text-editor.default\">\n\t\t\t\t<div class=\"elementor-widget-container\">\n\t\t\t\t\t\t\t\t\t<p>Nasz zesp\u00f3\u0142 to grupa pasjonat\u00f3w designu, poligrafii oraz tworzenia. Wszystko zacz\u0119\u0142o si\u0119 od prostego marzenia. Naszym \u201esimple dream\u201d jest projektowanie oraz produkowanie przedmiot\u00f3w u\u017cytkowych na potrzeby klient\u00f3w zar\u00f3wno indywidualnych, jak\u00a0 <br \/>i firmowych. Chcemy przekracza\u0107 utarte \u015bcie\u017cki. Pokazywa\u0107, \u017ce wszystko jest mo\u017cliwe, przy odrobinie ch\u0119ci oraz otwarto\u015bci na nowe rozwi\u0105zania.<\/p>\t\t\t\t\t\t\t\t<\/div>\n\t\t\t\t<\/div>\n\t\t\t\t\t<\/div>\n\t\t<\/div>\n\t\t\t\t<div class=\"elementor-column elementor-col-33 elementor-top-column elementor-element elementor-element-e33a8cd\" data-id=\"e33a8cd\" data-element_type=\"column\" data-e-type=\"column\">\n\t\t\t<div class=\"elementor-widget-wrap elementor-element-populated\">\n\t\t\t\t\t\t<div class=\"elementor-element elementor-element-aa62acf elementor-widget elementor-widget-text-editor\" data-id=\"aa62acf\" data-element_type=\"widget\" data-e-type=\"widget\" data-widget_type=\"text-editor.default\">\n\t\t\t\t<div class=\"elementor-widget-container\">\n\t\t\t\t\t\t\t\t\t<p>Zrzeszyli\u015bmy si\u0119 w grupie produkcyjnej: szwalnia, drukarnia, huta ceramiki oraz szk\u0142a, dzia\u0142 projektowania. Wszystko po to, aby tworzone przez nas projekty, by\u0142y ca\u0142o\u015bci\u0105 pod wzgl\u0119dem wizerunkowym oraz jako\u015bciowym. Nasze warto\u015bci to: made in Poland, sp\u00f3jno\u015b\u0107 w tworzeniu, wysoka jako\u015b\u0107 produkt\u00f3w oraz pasja, aby realizowa\u0107 marzenia naszego zespo\u0142u.<\/p>\t\t\t\t\t\t\t\t<\/div>\n\t\t\t\t<\/div>\n\t\t\t\t\t<\/div>\n\t\t<\/div>\n\t\t\t\t\t<\/div>\n\t\t<\/section>\n\t\t\t\t<section class=\"elementor-section elementor-top-section elementor-element elementor-element-183958e elementor-section-full_width elementor-section-content-middle elementor-section-height-default elementor-section-height-default qodef-elementor-content-no\" data-id=\"183958e\" data-element_type=\"section\" data-e-type=\"section\" data-settings=\"{&quot;background_background&quot;:&quot;classic&quot;}\">\n\t\t\t\t\t\t<div class=\"elementor-container elementor-column-gap-default\">\n\t\t\t\t\t<div class=\"elementor-column elementor-col-100 elementor-top-column elementor-element elementor-element-697c2730\" data-id=\"697c2730\" data-element_type=\"column\" data-e-type=\"column\">\n\t\t\t<div class=\"elementor-widget-wrap elementor-element-populated\">\n\t\t\t\t\t\t<div class=\"elementor-element elementor-element-6bf5f4eb elementor-widget elementor-widget-spacer\" data-id=\"6bf5f4eb\" data-element_type=\"widget\" data-e-type=\"widget\" data-widget_type=\"spacer.default\">\n\t\t\t\t<div class=\"elementor-widget-container\">\n\t\t\t\t\t\t\t<div class=\"elementor-spacer\">\n\t\t\t<div class=\"elementor-spacer-inner\"><\/div>\n\t\t<\/div>\n\t\t\t\t\t\t<\/div>\n\t\t\t\t<\/div>\n\t\t\t\t<section class=\"elementor-section elementor-inner-section elementor-element elementor-element-74ea530d elementor-section-full_width qodef-elementor-content-grid elementor-section-height-default elementor-section-height-default\" data-id=\"74ea530d\" data-element_type=\"section\" data-e-type=\"section\">\n\t\t\t\t\t\t<div class=\"elementor-container elementor-column-gap-default\">\n\t\t\t\t\t<div class=\"elementor-column elementor-col-50 elementor-inner-column elementor-element elementor-element-279475d4\" data-id=\"279475d4\" data-element_type=\"column\" data-e-type=\"column\">\n\t\t\t<div class=\"elementor-widget-wrap\">\n\t\t\t\t\t\t\t<\/div>\n\t\t<\/div>\n\t\t\t\t<div class=\"elementor-column elementor-col-50 elementor-inner-column elementor-element elementor-element-33c01fb8\" data-id=\"33c01fb8\" data-element_type=\"column\" data-e-type=\"column\">\n\t\t\t<div class=\"elementor-widget-wrap elementor-element-populated\">\n\t\t\t\t\t\t<div class=\"elementor-element elementor-element-e6b3f34 elementor-widget elementor-widget-lekker_core_section_title\" data-id=\"e6b3f34\" data-element_type=\"widget\" data-e-type=\"widget\" data-widget_type=\"lekker_core_section_title.default\">\n\t\t\t\t<div class=\"elementor-widget-container\">\n\t\t\t\t\t<div class=\"qodef-shortcode qodef-m  qodef-section-title qodef-alignment--left  qodef-section-title--animated\">\n\t\t<h3 class=\"qodef-m-title\" >\n\t\t\t\t\tPortfolio\t\t\t<\/h3>\n\t\t<p class=\"qodef-m-text\" style=\"margin-top: 13px\">Z wykorzystaniem kreacji wizualnej tworzymy projekty bazuj\u0105ce na Art Brandingu. Aby, ka\u017cdy m\u00f3g\u0142 zosta\u0107 Mecenasem Sztuki. <\/p>\n<\/div>\t\t\t\t<\/div>\n\t\t\t\t<\/div>\n\t\t\t\t<div class=\"elementor-element elementor-element-480e279f elementor-widget elementor-widget-lekker_core_button\" data-id=\"480e279f\" data-element_type=\"widget\" data-e-type=\"widget\" data-widget_type=\"lekker_core_button.default\">\n\t\t\t\t<div class=\"elementor-widget-container\">\n\t\t\t\t\t<a class=\"qodef-shortcode qodef-m  qodef-button qodef-layout--textual  qodef-html--link\" href=\"https:\/\/simpledreamprojects.com\/index.php\/portfolio-item\/projekt\/\" target=\"_self\"  >\n\t<span class=\"qodef-m-text\">Wi\u0119cej<\/span>\n\t<span class=\"qodef-m-lines\"><\/span>\n<\/a>\t\t\t\t<\/div>\n\t\t\t\t<\/div>\n\t\t\t\t\t<\/div>\n\t\t<\/div>\n\t\t\t\t\t<\/div>\n\t\t<\/section>\n\t\t\t\t<div class=\"elementor-element elementor-element-40b9e197 elementor-widget elementor-widget-spacer\" data-id=\"40b9e197\" data-element_type=\"widget\" data-e-type=\"widget\" data-widget_type=\"spacer.default\">\n\t\t\t\t<div class=\"elementor-widget-container\">\n\t\t\t\t\t\t\t<div class=\"elementor-spacer\">\n\t\t\t<div class=\"elementor-spacer-inner\"><\/div>\n\t\t<\/div>\n\t\t\t\t\t\t<\/div>\n\t\t\t\t<\/div>\n\t\t\t\t\t<\/div>\n\t\t<\/div>\n\t\t\t\t\t<\/div>\n\t\t<\/section>\n\t\t\t\t<\/div>\n\t\t","protected":false},"excerpt":{"rendered":"<p>O nas Troch\u0119 informacji o nas Powstali\u015bmy z powodu prostego marzenia Wi\u0119cej Nasz zesp\u00f3\u0142 to grupa pasjonat\u00f3w designu, poligrafii oraz tworzenia. Wszystko zacz\u0119\u0142o si\u0119 od prostego marzenia. Naszym \u201esimple dream\u201d jest projektowanie oraz produkowanie przedmiot\u00f3w u\u017cytkowych na potrzeby klient\u00f3w zar\u00f3wno indywidualnych, jak&nbsp; i firmowych. Chcemy przekracza\u0107 utarte \u015bcie\u017cki. Pokazywa\u0107, \u017ce wszystko jest mo\u017cliwe, przy odrobinie [&hellip;]<\/p>\n","protected":false},"author":1,"featured_media":0,"parent":0,"menu_order":0,"comment_status":"closed","ping_status":"closed","template":"page-full-width.php","meta":{"_monsterinsights_skip_tracking":false,"_monsterinsights_sitenote_active":false,"_monsterinsights_sitenote_note":"","_monsterinsights_sitenote_category":0,"footnotes":""},"class_list":["post-6532","page","type-page","status-publish","hentry"],"_links":{"self":[{"href":"https:\/\/simpledreamprojects.com\/index.php\/wp-json\/wp\/v2\/pages\/6532","targetHints":{"allow":["GET"]}}],"collection":[{"href":"https:\/\/simpledreamprojects.com\/index.php\/wp-json\/wp\/v2\/pages"}],"about":[{"href":"https:\/\/simpledreamprojects.com\/index.php\/wp-json\/wp\/v2\/types\/page"}],"author":[{"embeddable":true,"href":"https:\/\/simpledreamprojects.com\/index.php\/wp-json\/wp\/v2\/users\/1"}],"replies":[{"embeddable":true,"href":"https:\/\/simpledreamprojects.com\/index.php\/wp-json\/wp\/v2\/comments?post=6532"}],"version-history":[{"count":62,"href":"https:\/\/simpledreamprojects.com\/index.php\/wp-json\/wp\/v2\/pages\/6532\/revisions"}],"predecessor-version":[{"id":7459,"href":"https:\/\/simpledreamprojects.com\/index.php\/wp-json\/wp\/v2\/pages\/6532\/revisions\/7459"}],"wp:attachment":[{"href":"https:\/\/simpledreamprojects.com\/index.php\/wp-json\/wp\/v2\/media?parent=6532"}],"curies":[{"name":"wp","href":"https:\/\/api.w.org\/{rel}","templated":true}]}}