{"id":1844,"date":"2020-04-26T13:43:05","date_gmt":"2020-04-26T11:43:05","guid":{"rendered":"https:\/\/lekker.qodeinteractive.com\/?page_id=1844"},"modified":"2022-04-08T12:06:58","modified_gmt":"2022-04-08T10:06:58","slug":"proces","status":"publish","type":"page","link":"https:\/\/simpledreamprojects.com\/index.php\/pl\/proces\/","title":{"rendered":"Proces"},"content":{"rendered":"\t\t<div data-elementor-type=\"wp-page\" data-elementor-id=\"1844\" class=\"elementor elementor-1844\" data-elementor-post-type=\"page\">\n\t\t\t\t\t\t<section class=\"elementor-section elementor-top-section elementor-element elementor-element-59f7465 elementor-section-full_width elementor-section-content-middle qodef-elementor-content-grid elementor-section-height-default elementor-section-height-default\" data-id=\"59f7465\" data-element_type=\"section\" data-e-type=\"section\">\n\t\t\t\t\t\t<div class=\"elementor-container elementor-column-gap-default\">\n\t\t\t\t\t<div class=\"elementor-column elementor-col-50 elementor-top-column elementor-element elementor-element-38bee03\" data-id=\"38bee03\" data-element_type=\"column\" data-e-type=\"column\">\n\t\t\t<div class=\"elementor-widget-wrap elementor-element-populated\">\n\t\t\t\t\t\t<div class=\"elementor-element elementor-element-619ddc6 elementor-widget elementor-widget-image\" data-id=\"619ddc6\" data-element_type=\"widget\" data-e-type=\"widget\" data-widget_type=\"image.default\">\n\t\t\t\t<div class=\"elementor-widget-container\">\n\t\t\t\t\t\t\t\t\t\t\t\t\t\t\t<img fetchpriority=\"high\" decoding=\"async\" width=\"4139\" height=\"4167\" src=\"https:\/\/simpledreamprojects.com\/wp-content\/uploads\/2021\/10\/proces1-01.png\" class=\"attachment-full size-full wp-image-6885\" alt=\"\" srcset=\"https:\/\/simpledreamprojects.com\/wp-content\/uploads\/2021\/10\/proces1-01.png 4139w, https:\/\/simpledreamprojects.com\/wp-content\/uploads\/2021\/10\/proces1-01-298x300.png 298w, https:\/\/simpledreamprojects.com\/wp-content\/uploads\/2021\/10\/proces1-01-1017x1024.png 1017w, https:\/\/simpledreamprojects.com\/wp-content\/uploads\/2021\/10\/proces1-01-150x150.png 150w, https:\/\/simpledreamprojects.com\/wp-content\/uploads\/2021\/10\/proces1-01-768x773.png 768w, https:\/\/simpledreamprojects.com\/wp-content\/uploads\/2021\/10\/proces1-01-1526x1536.png 1526w, https:\/\/simpledreamprojects.com\/wp-content\/uploads\/2021\/10\/proces1-01-2034x2048.png 2034w\" sizes=\"(max-width: 4139px) 100vw, 4139px\" \/>\t\t\t\t\t\t\t\t\t\t\t\t\t\t\t<\/div>\n\t\t\t\t<\/div>\n\t\t\t\t\t<\/div>\n\t\t<\/div>\n\t\t\t\t<div class=\"elementor-column elementor-col-50 elementor-top-column elementor-element elementor-element-2293808\" data-id=\"2293808\" data-element_type=\"column\" data-e-type=\"column\">\n\t\t\t<div class=\"elementor-widget-wrap elementor-element-populated\">\n\t\t\t\t\t\t<div class=\"elementor-element elementor-element-2e8e514 elementor-widget elementor-widget-lekker_core_section_title\" data-id=\"2e8e514\" data-element_type=\"widget\" data-e-type=\"widget\" data-widget_type=\"lekker_core_section_title.default\">\n\t\t\t\t<div class=\"elementor-widget-container\">\n\t\t\t\t\t<div class=\"qodef-shortcode qodef-m  qodef-section-title qodef-alignment--left  \">\n\t\t<h3 class=\"qodef-m-title\" >\n\t\t\t\t\t1. Tre\u015b\u0107 merytoryczna<br \/>\t\t\t<\/h3>\n\t\t<p class=\"qodef-m-text\" >Zaczynamy od zapoznania si\u0119 z tre\u015bci\u0105 merytoryczn\u0105, kt\u00f3r\u0105 od was dostaniemy. Na jej podstawie przygotujemy kreatywn\u0105 prezentacj\u0119 z rozwi\u0105zaniami. <\/p>\n<\/div>\t\t\t\t<\/div>\n\t\t\t\t<\/div>\n\t\t\t\t\t<\/div>\n\t\t<\/div>\n\t\t\t\t\t<\/div>\n\t\t<\/section>\n\t\t\t\t<section class=\"elementor-section elementor-top-section elementor-element elementor-element-03c76e8 elementor-section-full_width elementor-section-content-middle qodef-elementor-content-grid elementor-section-height-default elementor-section-height-default\" data-id=\"03c76e8\" data-element_type=\"section\" data-e-type=\"section\">\n\t\t\t\t\t\t<div class=\"elementor-container elementor-column-gap-default\">\n\t\t\t\t\t<div class=\"elementor-column elementor-col-50 elementor-top-column elementor-element elementor-element-cfe7827\" data-id=\"cfe7827\" data-element_type=\"column\" data-e-type=\"column\">\n\t\t\t<div class=\"elementor-widget-wrap elementor-element-populated\">\n\t\t\t\t\t\t<div class=\"elementor-element elementor-element-09c41d5 elementor-widget elementor-widget-lekker_core_section_title\" data-id=\"09c41d5\" data-element_type=\"widget\" data-e-type=\"widget\" data-widget_type=\"lekker_core_section_title.default\">\n\t\t\t\t<div class=\"elementor-widget-container\">\n\t\t\t\t\t<div class=\"qodef-shortcode qodef-m  qodef-section-title qodef-alignment--left  \">\n\t\t<h3 class=\"qodef-m-title\" >\n\t\t\t\t\t2. Pomys\u0142y \t\t\t<\/h3>\n\t\t<p class=\"qodef-m-text\" >W prezentacji kreatywnej zaprezentujemy pomys\u0142y, design oraz realne rozwi\u0105zania, kt\u00f3re jeste\u015bmy w stanie zaimplementowa\u0107 w \u017cycie. <\/p>\n<\/div>\t\t\t\t<\/div>\n\t\t\t\t<\/div>\n\t\t\t\t\t<\/div>\n\t\t<\/div>\n\t\t\t\t<div class=\"elementor-column elementor-col-50 elementor-top-column elementor-element elementor-element-99c8f7e\" data-id=\"99c8f7e\" data-element_type=\"column\" data-e-type=\"column\">\n\t\t\t<div class=\"elementor-widget-wrap elementor-element-populated\">\n\t\t\t\t\t\t<div class=\"elementor-element elementor-element-6c33f5e elementor-widget elementor-widget-image\" data-id=\"6c33f5e\" data-element_type=\"widget\" data-e-type=\"widget\" data-widget_type=\"image.default\">\n\t\t\t\t<div class=\"elementor-widget-container\">\n\t\t\t\t\t\t\t\t\t\t\t\t\t\t\t<img decoding=\"async\" width=\"4139\" height=\"4167\" src=\"https:\/\/simpledreamprojects.com\/wp-content\/uploads\/2021\/10\/pomysly2-01.png\" class=\"attachment-full size-full wp-image-6884\" alt=\"\" srcset=\"https:\/\/simpledreamprojects.com\/wp-content\/uploads\/2021\/10\/pomysly2-01.png 4139w, https:\/\/simpledreamprojects.com\/wp-content\/uploads\/2021\/10\/pomysly2-01-298x300.png 298w, https:\/\/simpledreamprojects.com\/wp-content\/uploads\/2021\/10\/pomysly2-01-1017x1024.png 1017w, https:\/\/simpledreamprojects.com\/wp-content\/uploads\/2021\/10\/pomysly2-01-150x150.png 150w, https:\/\/simpledreamprojects.com\/wp-content\/uploads\/2021\/10\/pomysly2-01-768x773.png 768w, https:\/\/simpledreamprojects.com\/wp-content\/uploads\/2021\/10\/pomysly2-01-1526x1536.png 1526w, https:\/\/simpledreamprojects.com\/wp-content\/uploads\/2021\/10\/pomysly2-01-2034x2048.png 2034w\" sizes=\"(max-width: 4139px) 100vw, 4139px\" \/>\t\t\t\t\t\t\t\t\t\t\t\t\t\t\t<\/div>\n\t\t\t\t<\/div>\n\t\t\t\t\t<\/div>\n\t\t<\/div>\n\t\t\t\t\t<\/div>\n\t\t<\/section>\n\t\t\t\t<section class=\"elementor-section elementor-top-section elementor-element elementor-element-b7d0017 elementor-section-full_width elementor-section-content-middle qodef-elementor-content-grid elementor-section-height-default elementor-section-height-default\" data-id=\"b7d0017\" data-element_type=\"section\" data-e-type=\"section\">\n\t\t\t\t\t\t<div class=\"elementor-container elementor-column-gap-default\">\n\t\t\t\t\t<div class=\"elementor-column elementor-col-50 elementor-top-column elementor-element elementor-element-6683a38\" data-id=\"6683a38\" data-element_type=\"column\" data-e-type=\"column\">\n\t\t\t<div class=\"elementor-widget-wrap elementor-element-populated\">\n\t\t\t\t\t\t<div class=\"elementor-element elementor-element-cf099c3 elementor-widget elementor-widget-image\" data-id=\"cf099c3\" data-element_type=\"widget\" data-e-type=\"widget\" data-widget_type=\"image.default\">\n\t\t\t\t<div class=\"elementor-widget-container\">\n\t\t\t\t\t\t\t\t\t\t\t\t\t\t\t<img decoding=\"async\" width=\"4139\" height=\"4167\" src=\"https:\/\/simpledreamprojects.com\/wp-content\/uploads\/2021\/10\/wycena1-01.png\" class=\"attachment-full size-full wp-image-6889\" alt=\"\" srcset=\"https:\/\/simpledreamprojects.com\/wp-content\/uploads\/2021\/10\/wycena1-01.png 4139w, https:\/\/simpledreamprojects.com\/wp-content\/uploads\/2021\/10\/wycena1-01-298x300.png 298w, https:\/\/simpledreamprojects.com\/wp-content\/uploads\/2021\/10\/wycena1-01-1017x1024.png 1017w, https:\/\/simpledreamprojects.com\/wp-content\/uploads\/2021\/10\/wycena1-01-150x150.png 150w, https:\/\/simpledreamprojects.com\/wp-content\/uploads\/2021\/10\/wycena1-01-768x773.png 768w, https:\/\/simpledreamprojects.com\/wp-content\/uploads\/2021\/10\/wycena1-01-1526x1536.png 1526w, https:\/\/simpledreamprojects.com\/wp-content\/uploads\/2021\/10\/wycena1-01-2034x2048.png 2034w\" sizes=\"(max-width: 4139px) 100vw, 4139px\" \/>\t\t\t\t\t\t\t\t\t\t\t\t\t\t\t<\/div>\n\t\t\t\t<\/div>\n\t\t\t\t\t<\/div>\n\t\t<\/div>\n\t\t\t\t<div class=\"elementor-column elementor-col-50 elementor-top-column elementor-element elementor-element-427611d\" data-id=\"427611d\" data-element_type=\"column\" data-e-type=\"column\">\n\t\t\t<div class=\"elementor-widget-wrap elementor-element-populated\">\n\t\t\t\t\t\t<div class=\"elementor-element elementor-element-c1aa749 elementor-widget elementor-widget-lekker_core_section_title\" data-id=\"c1aa749\" data-element_type=\"widget\" data-e-type=\"widget\" data-widget_type=\"lekker_core_section_title.default\">\n\t\t\t\t<div class=\"elementor-widget-container\">\n\t\t\t\t\t<div class=\"qodef-shortcode qodef-m  qodef-section-title qodef-alignment--left  \">\n\t\t<h3 class=\"qodef-m-title\" >\n\t\t\t\t\t3. Wycena<br \/>\t\t\t<\/h3>\n\t\t<p class=\"qodef-m-text\" >Po wybraniu projekt\u00f3w oraz produkt\u00f3w z kreatywnej prezentacji, przygotowujemy realn\u0105 wycen\u0119 oraz specyfikacj\u0119 techniczn\u0105 produkt\u00f3w. <\/p>\n<\/div>\t\t\t\t<\/div>\n\t\t\t\t<\/div>\n\t\t\t\t\t<\/div>\n\t\t<\/div>\n\t\t\t\t\t<\/div>\n\t\t<\/section>\n\t\t\t\t<section class=\"elementor-section elementor-top-section elementor-element elementor-element-7152244 elementor-section-full_width elementor-section-content-middle qodef-elementor-content-grid elementor-section-height-default elementor-section-height-default\" data-id=\"7152244\" data-element_type=\"section\" data-e-type=\"section\">\n\t\t\t\t\t\t<div class=\"elementor-container elementor-column-gap-default\">\n\t\t\t\t\t<div class=\"elementor-column elementor-col-50 elementor-top-column elementor-element elementor-element-a354352\" data-id=\"a354352\" data-element_type=\"column\" data-e-type=\"column\">\n\t\t\t<div class=\"elementor-widget-wrap elementor-element-populated\">\n\t\t\t\t\t\t<div class=\"elementor-element elementor-element-2f3f09f elementor-widget elementor-widget-lekker_core_section_title\" data-id=\"2f3f09f\" data-element_type=\"widget\" data-e-type=\"widget\" data-widget_type=\"lekker_core_section_title.default\">\n\t\t\t\t<div class=\"elementor-widget-container\">\n\t\t\t\t\t<div class=\"qodef-shortcode qodef-m  qodef-section-title qodef-alignment--left  \">\n\t\t<h3 class=\"qodef-m-title\" >\n\t\t\t\t\t4. DTP<br \/>\t\t\t<\/h3>\n\t\t<p class=\"qodef-m-text\" >Po zaakceptowaniu kosztorysu, nasz zesp\u00f3\u0142 grafik\u00f3w przyst\u0119puje do prac zwi\u0105zanych z DTP, sk\u0142adem oraz przygotowaniem plik\u00f3w produkcyjnych do akceptacji. <\/p>\n<\/div>\t\t\t\t<\/div>\n\t\t\t\t<\/div>\n\t\t\t\t\t<\/div>\n\t\t<\/div>\n\t\t\t\t<div class=\"elementor-column elementor-col-50 elementor-top-column elementor-element elementor-element-fcb5f96\" data-id=\"fcb5f96\" data-element_type=\"column\" data-e-type=\"column\">\n\t\t\t<div class=\"elementor-widget-wrap elementor-element-populated\">\n\t\t\t\t\t\t<div class=\"elementor-element elementor-element-666e97f elementor-widget elementor-widget-image\" data-id=\"666e97f\" data-element_type=\"widget\" data-e-type=\"widget\" data-widget_type=\"image.default\">\n\t\t\t\t<div class=\"elementor-widget-container\">\n\t\t\t\t\t\t\t\t\t\t\t\t\t\t\t<img loading=\"lazy\" decoding=\"async\" width=\"1987\" height=\"2001\" src=\"https:\/\/simpledreamprojects.com\/wp-content\/uploads\/2021\/10\/DTP2-01.png\" class=\"attachment-full size-full wp-image-6882\" alt=\"\" srcset=\"https:\/\/simpledreamprojects.com\/wp-content\/uploads\/2021\/10\/DTP2-01.png 1987w, https:\/\/simpledreamprojects.com\/wp-content\/uploads\/2021\/10\/DTP2-01-298x300.png 298w, https:\/\/simpledreamprojects.com\/wp-content\/uploads\/2021\/10\/DTP2-01-1017x1024.png 1017w, https:\/\/simpledreamprojects.com\/wp-content\/uploads\/2021\/10\/DTP2-01-150x150.png 150w, https:\/\/simpledreamprojects.com\/wp-content\/uploads\/2021\/10\/DTP2-01-768x773.png 768w, https:\/\/simpledreamprojects.com\/wp-content\/uploads\/2021\/10\/DTP2-01-1525x1536.png 1525w\" sizes=\"(max-width: 1987px) 100vw, 1987px\" \/>\t\t\t\t\t\t\t\t\t\t\t\t\t\t\t<\/div>\n\t\t\t\t<\/div>\n\t\t\t\t\t<\/div>\n\t\t<\/div>\n\t\t\t\t\t<\/div>\n\t\t<\/section>\n\t\t\t\t<section class=\"elementor-section elementor-top-section elementor-element elementor-element-3e205c9 elementor-section-full_width elementor-section-content-middle qodef-elementor-content-grid elementor-section-height-default elementor-section-height-default\" data-id=\"3e205c9\" data-element_type=\"section\" data-e-type=\"section\">\n\t\t\t\t\t\t<div class=\"elementor-container elementor-column-gap-default\">\n\t\t\t\t\t<div class=\"elementor-column elementor-col-50 elementor-top-column elementor-element elementor-element-3fc424e\" data-id=\"3fc424e\" data-element_type=\"column\" data-e-type=\"column\">\n\t\t\t<div class=\"elementor-widget-wrap elementor-element-populated\">\n\t\t\t\t\t\t<div class=\"elementor-element elementor-element-36aac5b elementor-widget elementor-widget-image\" data-id=\"36aac5b\" data-element_type=\"widget\" data-e-type=\"widget\" data-widget_type=\"image.default\">\n\t\t\t\t<div class=\"elementor-widget-container\">\n\t\t\t\t\t\t\t\t\t\t\t\t\t\t\t<img loading=\"lazy\" decoding=\"async\" width=\"1958\" height=\"1958\" src=\"https:\/\/simpledreamprojects.com\/wp-content\/uploads\/2021\/10\/produkcja2.png\" class=\"attachment-full size-full wp-image-6888\" alt=\"\" srcset=\"https:\/\/simpledreamprojects.com\/wp-content\/uploads\/2021\/10\/produkcja2.png 1958w, https:\/\/simpledreamprojects.com\/wp-content\/uploads\/2021\/10\/produkcja2-300x300.png 300w, https:\/\/simpledreamprojects.com\/wp-content\/uploads\/2021\/10\/produkcja2-1024x1024.png 1024w, https:\/\/simpledreamprojects.com\/wp-content\/uploads\/2021\/10\/produkcja2-150x150.png 150w, https:\/\/simpledreamprojects.com\/wp-content\/uploads\/2021\/10\/produkcja2-768x768.png 768w, https:\/\/simpledreamprojects.com\/wp-content\/uploads\/2021\/10\/produkcja2-1536x1536.png 1536w, https:\/\/simpledreamprojects.com\/wp-content\/uploads\/2021\/10\/produkcja2-650x650.png 650w, https:\/\/simpledreamprojects.com\/wp-content\/uploads\/2021\/10\/produkcja2-1300x1300.png 1300w\" sizes=\"(max-width: 1958px) 100vw, 1958px\" \/>\t\t\t\t\t\t\t\t\t\t\t\t\t\t\t<\/div>\n\t\t\t\t<\/div>\n\t\t\t\t\t<\/div>\n\t\t<\/div>\n\t\t\t\t<div class=\"elementor-column elementor-col-50 elementor-top-column elementor-element elementor-element-034b0ae\" data-id=\"034b0ae\" data-element_type=\"column\" data-e-type=\"column\">\n\t\t\t<div class=\"elementor-widget-wrap elementor-element-populated\">\n\t\t\t\t\t\t<div class=\"elementor-element elementor-element-a51f1a4 elementor-widget elementor-widget-lekker_core_section_title\" data-id=\"a51f1a4\" data-element_type=\"widget\" data-e-type=\"widget\" data-widget_type=\"lekker_core_section_title.default\">\n\t\t\t\t<div class=\"elementor-widget-container\">\n\t\t\t\t\t<div class=\"qodef-shortcode qodef-m  qodef-section-title qodef-alignment--left  \">\n\t\t<h3 class=\"qodef-m-title\" >\n\t\t\t\t\t5. Produkcja<br \/> \t\t\t<\/h3>\n\t\t<p class=\"qodef-m-text\" >W momencie zaakceptowania plik\u00f3w produkcyjnych, przyst\u0119pujemy do produkcji. Nasza ju\u017c w tym g\u0142owa, aby wszystko od pocz\u0105tku do ko\u0144ca si\u0119 uda\u0142o.<\/p>\n<\/div>\t\t\t\t<\/div>\n\t\t\t\t<\/div>\n\t\t\t\t\t<\/div>\n\t\t<\/div>\n\t\t\t\t\t<\/div>\n\t\t<\/section>\n\t\t\t\t<section class=\"elementor-section elementor-top-section elementor-element elementor-element-47c97dd elementor-section-full_width elementor-section-content-middle qodef-elementor-content-grid elementor-section-height-default elementor-section-height-default\" data-id=\"47c97dd\" data-element_type=\"section\" data-e-type=\"section\">\n\t\t\t\t\t\t<div class=\"elementor-container elementor-column-gap-default\">\n\t\t\t\t\t<div class=\"elementor-column elementor-col-50 elementor-top-column elementor-element elementor-element-b0befb7\" data-id=\"b0befb7\" data-element_type=\"column\" data-e-type=\"column\">\n\t\t\t<div class=\"elementor-widget-wrap elementor-element-populated\">\n\t\t\t\t\t\t<div class=\"elementor-element elementor-element-77eda2b elementor-widget elementor-widget-lekker_core_section_title\" data-id=\"77eda2b\" data-element_type=\"widget\" data-e-type=\"widget\" data-widget_type=\"lekker_core_section_title.default\">\n\t\t\t\t<div class=\"elementor-widget-container\">\n\t\t\t\t\t<div class=\"qodef-shortcode qodef-m  qodef-section-title qodef-alignment--left  \">\n\t\t<h3 class=\"qodef-m-title\" >\n\t\t\t\t\t6. Produkty<br \/> \t\t\t<\/h3>\n\t\t<p class=\"qodef-m-text\" >Z chwil\u0105 zako\u0144czenia produkcji, dostajesz zam\u00f3wiony towar. Ca\u0142a odpowiedzialno\u015b\u0107 za powodzenie projektu jest po naszej stronie.<\/p>\n<\/div>\t\t\t\t<\/div>\n\t\t\t\t<\/div>\n\t\t\t\t\t<\/div>\n\t\t<\/div>\n\t\t\t\t<div class=\"elementor-column elementor-col-50 elementor-top-column elementor-element elementor-element-fb74441\" data-id=\"fb74441\" data-element_type=\"column\" data-e-type=\"column\">\n\t\t\t<div class=\"elementor-widget-wrap elementor-element-populated\">\n\t\t\t\t\t\t<div class=\"elementor-element elementor-element-1e6c75a elementor-widget elementor-widget-image\" data-id=\"1e6c75a\" data-element_type=\"widget\" data-e-type=\"widget\" data-widget_type=\"image.default\">\n\t\t\t\t<div class=\"elementor-widget-container\">\n\t\t\t\t\t\t\t\t\t\t\t\t\t\t\t<img loading=\"lazy\" decoding=\"async\" width=\"4139\" height=\"4167\" src=\"https:\/\/simpledreamprojects.com\/wp-content\/uploads\/2021\/10\/dostawa2-01.png\" class=\"attachment-full size-full wp-image-6880\" alt=\"\" srcset=\"https:\/\/simpledreamprojects.com\/wp-content\/uploads\/2021\/10\/dostawa2-01.png 4139w, https:\/\/simpledreamprojects.com\/wp-content\/uploads\/2021\/10\/dostawa2-01-298x300.png 298w, https:\/\/simpledreamprojects.com\/wp-content\/uploads\/2021\/10\/dostawa2-01-1017x1024.png 1017w, https:\/\/simpledreamprojects.com\/wp-content\/uploads\/2021\/10\/dostawa2-01-150x150.png 150w, https:\/\/simpledreamprojects.com\/wp-content\/uploads\/2021\/10\/dostawa2-01-768x773.png 768w, https:\/\/simpledreamprojects.com\/wp-content\/uploads\/2021\/10\/dostawa2-01-1526x1536.png 1526w, https:\/\/simpledreamprojects.com\/wp-content\/uploads\/2021\/10\/dostawa2-01-2034x2048.png 2034w\" sizes=\"(max-width: 4139px) 100vw, 4139px\" \/>\t\t\t\t\t\t\t\t\t\t\t\t\t\t\t<\/div>\n\t\t\t\t<\/div>\n\t\t\t\t\t<\/div>\n\t\t<\/div>\n\t\t\t\t\t<\/div>\n\t\t<\/section>\n\t\t\t\t<\/div>\n\t\t","protected":false},"excerpt":{"rendered":"<p>1. Tre\u015b\u0107 merytoryczna Zaczynamy od zapoznania si\u0119 z tre\u015bci\u0105 merytoryczn\u0105, kt\u00f3r\u0105 od was dostaniemy. Na jej podstawie przygotujemy kreatywn\u0105 prezentacj\u0119 z rozwi\u0105zaniami. 2. Pomys\u0142y W prezentacji kreatywnej zaprezentujemy pomys\u0142y, design oraz realne rozwi\u0105zania, kt\u00f3re jeste\u015bmy w stanie zaimplementowa\u0107 w \u017cycie. 3. Wycena Po wybraniu projekt\u00f3w oraz produkt\u00f3w z kreatywnej prezentacji, przygotowujemy realn\u0105 wycen\u0119 oraz specyfikacj\u0119 [&hellip;]<\/p>\n","protected":false},"author":1,"featured_media":0,"parent":0,"menu_order":0,"comment_status":"closed","ping_status":"closed","template":"page-full-width.php","meta":{"_monsterinsights_skip_tracking":false,"_monsterinsights_sitenote_active":false,"_monsterinsights_sitenote_note":"","_monsterinsights_sitenote_category":0,"footnotes":""},"class_list":["post-1844","page","type-page","status-publish","hentry"],"_links":{"self":[{"href":"https:\/\/simpledreamprojects.com\/index.php\/wp-json\/wp\/v2\/pages\/1844","targetHints":{"allow":["GET"]}}],"collection":[{"href":"https:\/\/simpledreamprojects.com\/index.php\/wp-json\/wp\/v2\/pages"}],"about":[{"href":"https:\/\/simpledreamprojects.com\/index.php\/wp-json\/wp\/v2\/types\/page"}],"author":[{"embeddable":true,"href":"https:\/\/simpledreamprojects.com\/index.php\/wp-json\/wp\/v2\/users\/1"}],"replies":[{"embeddable":true,"href":"https:\/\/simpledreamprojects.com\/index.php\/wp-json\/wp\/v2\/comments?post=1844"}],"version-history":[{"count":29,"href":"https:\/\/simpledreamprojects.com\/index.php\/wp-json\/wp\/v2\/pages\/1844\/revisions"}],"predecessor-version":[{"id":7470,"href":"https:\/\/simpledreamprojects.com\/index.php\/wp-json\/wp\/v2\/pages\/1844\/revisions\/7470"}],"wp:attachment":[{"href":"https:\/\/simpledreamprojects.com\/index.php\/wp-json\/wp\/v2\/media?parent=1844"}],"curies":[{"name":"wp","href":"https:\/\/api.w.org\/{rel}","templated":true}]}}